{"id":2805,"date":"2025-05-06T08:14:31","date_gmt":"2025-05-06T08:14:31","guid":{"rendered":"https:\/\/transmitia.com\/?page_id=2805"},"modified":"2025-05-06T08:27:04","modified_gmt":"2025-05-06T08:27:04","slug":"%d1%8e%d1%80%d0%b8%d0%b4%d0%b8%d1%87%d0%b5%d1%81%d0%ba%d0%be%d0%b5-%d1%83%d0%b2%d0%b5%d0%b4%d0%be%d0%bc%d0%bb%d0%b5%d0%bd%d0%b8%d0%b5","status":"publish","type":"page","link":"https:\/\/transmitia.com\/ru\/%d1%8e%d1%80%d0%b8%d0%b4%d0%b8%d1%87%d0%b5%d1%81%d0%ba%d0%be%d0%b5-%d1%83%d0%b2%d0%b5%d0%b4%d0%be%d0%bc%d0%bb%d0%b5%d0%bd%d0%b8%d0%b5\/","title":{"rendered":"\u042e\u0440\u0438\u0434\u0438\u0447\u0435\u0441\u043a\u043e\u0435 \u0443\u0432\u0435\u0434\u043e\u043c\u043b\u0435\u043d\u0438\u0435"},"content":{"rendered":"<div class=\"wpb-content-wrapper\"><div class=\"vc_row wpb_row vc_row-fluid vc_custom_1746519354509\"><div class=\"wpb_column vc_column_container vc_col-sm-12\"><div class=\"vc_column-inner\"><div class=\"wpb_wrapper\">\n\t<div class=\"wpb_text_column wpb_content_element\" >\n\t\t<div class=\"wpb_wrapper\">\n\t\t\t<h1 class=\"\" data-start=\"131\" data-end=\"144\"><span class=\"ez-toc-section\" id=\"Aviso_Legal\"><\/span>\u042e\u0440\u0438\u0434\u0438\u0447\u0435\u0441\u043a\u043e\u0435 \u0443\u0432\u0435\u0434\u043e\u043c\u043b\u0435\u043d\u0438\u0435<span class=\"ez-toc-section-end\"><\/span><\/h1>\n<p class=\"\" data-start=\"146\" data-end=\"363\"><strong data-start=\"146\" data-end=\"174\">Titular de la p\u00e1gina web<\/strong><br data-start=\"174\" data-end=\"177\" \/>En cumplimiento con el deber de informaci\u00f3n del art\u00edculo 10 de la Ley 34\/2002, de Servicios de la Sociedad de la Informaci\u00f3n y Comercio Electr\u00f3nico (LSSI\u2011CE), se informa de que esta web:<\/p>\n<ul data-start=\"365\" data-end=\"605\">\n<li class=\"\" data-start=\"365\" data-end=\"404\">\n<p class=\"\" data-start=\"367\" data-end=\"404\"><strong data-start=\"367\" data-end=\"379\">Dominio:<\/strong> <a class=\"\" href=\"https:\/\/transmitia.com\/ru\/\" target=\"_new\" rel=\"noopener\" data-start=\"380\" data-end=\"402\">https:\/\/transmitia.com<\/a><\/p>\n<\/li>\n<li class=\"\" data-start=\"405\" data-end=\"458\">\n<p class=\"\" data-start=\"407\" data-end=\"458\"><strong data-start=\"407\" data-end=\"424\">\u041d\u0430\u0437\u0432\u0430\u043d\u0438\u0435 \u043a\u043e\u043c\u043f\u0430\u043d\u0438\u0438:<\/strong> Gestiones Avanzadas Online S.L.<\/p>\n<\/li>\n<li class=\"\" data-start=\"459\" data-end=\"481\">\n<p class=\"\" data-start=\"461\" data-end=\"481\"><strong data-start=\"461\" data-end=\"469\">CIF:<\/strong> B75844555<\/p>\n<\/li>\n<li class=\"\" data-start=\"482\" data-end=\"557\">\n<p class=\"\" data-start=\"484\" data-end=\"557\"><strong data-start=\"484\" data-end=\"505\">\u0417\u0430\u0440\u0435\u0433\u0438\u0441\u0442\u0440\u0438\u0440\u043e\u0432\u0430\u043d\u043d\u044b\u0439 \u043e\u0444\u0438\u0441:<\/strong> \u041f\u0430\u0441\u0435\u043e-\u0434\u0435-\u043b\u0430-\u041a\u0430\u0441\u0442\u0435\u043b\u044c\u044f\u043d\u0430, 194, \u0431\u0430\u0445\u043e B, 28046 \u041c\u0430\u0434\u0440\u0438\u0434<\/p>\n<\/li>\n<li class=\"\" data-start=\"558\" data-end=\"605\">\n<p class=\"\" data-start=\"560\" data-end=\"605\"><strong data-start=\"560\" data-end=\"583\">E-mail:<\/strong> <a class=\"cursor-pointer\" rel=\"noopener\" data-start=\"584\" data-end=\"603\">info@transmitia.com<\/a><\/p>\n<\/li>\n<\/ul>\n<p class=\"\" data-start=\"607\" data-end=\"845\"><strong data-start=\"607\" data-end=\"617\">Objeto<\/strong><br data-start=\"617\" data-end=\"620\" \/>El presente Aviso Legal regula el uso del sitio web <a class=\"\" href=\"https:\/\/transmitia.com\/ru\/\" target=\"_new\" rel=\"noopener\" data-start=\"672\" data-end=\"694\">https:\/\/transmitia.com<\/a>, que Gestiones Avanzadas Online S.L. pone a disposici\u00f3n de los usuarios de Internet para el acceso y disfrute de los contenidos y servicios ofrecidos.<\/p>\n<hr class=\"\" data-start=\"847\" data-end=\"850\" \/>\n<h2 class=\"\" data-start=\"852\" data-end=\"873\"><span class=\"ez-toc-section\" id=\"Condiciones_de_uso\"><\/span>Condiciones de uso<span class=\"ez-toc-section-end\"><\/span><\/h2>\n<ol data-start=\"875\" data-end=\"1586\">\n<li class=\"\" data-start=\"875\" data-end=\"1039\">\n<p class=\"\" data-start=\"878\" data-end=\"1039\"><strong data-start=\"878\" data-end=\"894\">Acceso y uso<\/strong><br data-start=\"894\" data-end=\"897\" \/>El acceso y\/o uso del sitio web atribuye la condici\u00f3n de usuario, que acepta, desde dicho acceso y\/o uso, las presentes condiciones de uso.<\/p>\n<\/li>\n<li class=\"\" data-start=\"1041\" data-end=\"1273\">\n<p class=\"\" data-start=\"1044\" data-end=\"1273\"><strong data-start=\"1044\" data-end=\"1062\">Modificaciones<\/strong><br data-start=\"1062\" data-end=\"1065\" \/>Gestiones Avanzadas Online S.L. se reserva el derecho de efectuar, sin previo aviso, las modificaciones que considere oportunas en su sitio web, su configuraci\u00f3n, y en los contenidos y servicios ofrecidos.<\/p>\n<\/li>\n<li class=\"\" data-start=\"1275\" data-end=\"1586\">\n<p class=\"\" data-start=\"1278\" data-end=\"1361\"><strong data-start=\"1278\" data-end=\"1297\">Responsabilidad<\/strong><br data-start=\"1297\" data-end=\"1300\" \/>Gestiones Avanzadas Online S.L. no se hace responsable de:<\/p>\n<ul data-start=\"1365\" data-end=\"1586\">\n<li class=\"\" data-start=\"1365\" data-end=\"1434\">\n<p class=\"\" data-start=\"1367\" data-end=\"1434\">La disponibilidad y continuidad del funcionamiento del sitio web.<\/p>\n<\/li>\n<li class=\"\" data-start=\"1438\" data-end=\"1500\">\n<p class=\"\" data-start=\"1440\" data-end=\"1500\">La veracidad, exactitud y exhaustividad de los contenidos.<\/p>\n<\/li>\n<li class=\"\" data-start=\"1504\" data-end=\"1586\">\n<p class=\"\" data-start=\"1506\" data-end=\"1586\">Los da\u00f1os de cualquier \u00edndole que pudieran derivarse del acceso o uso de la web.<\/p>\n<\/li>\n<\/ul>\n<\/li>\n<\/ol>\n<hr class=\"\" data-start=\"1588\" data-end=\"1591\" \/>\n<h2 class=\"\" data-start=\"1593\" data-end=\"1637\"><span class=\"ez-toc-section\" id=\"Propiedad_intelectual_y_derechos_de_autor\"><\/span>Propiedad intelectual y derechos de autor<span class=\"ez-toc-section-end\"><\/span><\/h2>\n<p class=\"\" data-start=\"1639\" data-end=\"2026\">Todos los contenidos, im\u00e1genes, textos, dise\u00f1os, c\u00f3digos fuente y en general cualquier elemento susceptible de protecci\u00f3n por la normativa de propiedad intelectual, son titularidad de Gestiones Avanzadas Online S.L. o de terceros que han autorizado su uso. Queda prohibida la reproducci\u00f3n, distribuci\u00f3n, comunicaci\u00f3n p\u00fablica o transformaci\u00f3n, salvo autorizaci\u00f3n expresa de los titulares.<\/p>\n<hr class=\"\" data-start=\"2028\" data-end=\"2031\" \/>\n<h2 class=\"\" data-start=\"2033\" data-end=\"2066\"><span class=\"ez-toc-section\" id=\"Proteccion_de_datos_personales\"><\/span>Protecci\u00f3n de datos personales<span class=\"ez-toc-section-end\"><\/span><\/h2>\n<p class=\"\" data-start=\"2068\" data-end=\"2305\">Para conocer la forma en que tratamos tus datos personales, consulta nuestra <strong data-start=\"2145\" data-end=\"2195\"><a class=\"cursor-pointer\" href=\"https:\/\/transmitia.com\/ru\/%d0%bf%d0%be%d0%bb%d0%b8%d1%82%d0%b8%d0%ba%d0%b0-%d0%ba%d0%be%d0%bd%d1%84%d0%b8%d0%b4%d0%b5%d0%bd%d1%86%d0%b8%d0%b0%d0%bb%d1%8c%d0%bd%d0%be%d1%81%d1%82%d0%b8\/\" rel=\"noopener\" data-start=\"2147\" data-end=\"2193\">\u041f\u043e\u043b\u0438\u0442\u0438\u043a\u0430 \u043a\u043e\u043d\u0444\u0438\u0434\u0435\u043d\u0446\u0438\u0430\u043b\u044c\u043d\u043e\u0441\u0442\u0438<\/a><\/strong>, donde se detallan los fines, la informaci\u00f3n recabada, los derechos de los usuarios y la forma de ejercerlos.<\/p>\n<hr class=\"\" data-start=\"2307\" data-end=\"2310\" \/>\n<h2 class=\"\" data-start=\"2312\" data-end=\"2351\"><span class=\"ez-toc-section\" id=\"Legislacion_aplicable_y_jurisdiccion\"><\/span>Legislaci\u00f3n aplicable y jurisdicci\u00f3n<span class=\"ez-toc-section-end\"><\/span><\/h2>\n<p class=\"\" data-start=\"2353\" data-end=\"2553\">Las relaciones establecidas entre Gestiones Avanzadas Online S.L. y los usuarios se regir\u00e1n por la normativa espa\u00f1ola vigente. Cualquier controversia se someter\u00e1 a los Juzgados y Tribunales de Madrid.<\/p>\n<hr class=\"\" data-start=\"2555\" data-end=\"2558\" \/>\n<p class=\"\" data-start=\"2560\" data-end=\"2614\"><strong data-start=\"2560\" data-end=\"2594\">Fecha de \u00faltima actualizaci\u00f3n:<\/strong> 6 de mayo de 2025<\/p>\n\n\t\t<\/div>\n\t<\/div>\n<\/div><\/div><\/div><\/div>\n<\/div><div id=\"ez-toc-container\" class=\"ez-toc-v2_0_74 counter-hierarchy ez-toc-counter ez-toc-grey ez-toc-container-direction\">\n<div class=\"ez-toc-title-container\">\n<p class=\"ez-toc-title\" style=\"cursor:inherit\">\u041e\u0433\u043b\u0430\u0432\u043b\u0435\u043d\u0438\u0435<\/p>\n<span class=\"ez-toc-title-toggle\"><a href=\"#\" class=\"ez-toc-pull-right ez-toc-btn ez-toc-btn-xs ez-toc-btn-default ez-toc-toggle\" aria-label=\"\u041f\u0435\u0440\u0435\u043a\u043b\u044e\u0447\u0438\u0442\u044c \u043e\u0433\u043b\u0430\u0432\u043b\u0435\u043d\u0438\u0435\"><span class=\"ez-toc-js-icon-con\"><span class=\"\"><span class=\"eztoc-hide\" style=\"display:none;\">Toggle<\/span><span class=\"ez-toc-icon-toggle-span\"><svg style=\"fill: #999;color:#999\" xmlns=\"http:\/\/www.w3.org\/2000\/svg\" class=\"list-377408\" width=\"20px\" height=\"20px\" viewbox=\"0 0 24 24\" fill=\"none\"><path d=\"M6 6H4v2h2V6zm14 0H8v2h12V6zM4 11h2v2H4v-2zm16 0H8v2h12v-2zM4 16h2v2H4v-2zm16 0H8v2h12v-2z\" fill=\"currentColor\"><\/path><\/svg><svg style=\"fill: #999;color:#999\" class=\"arrow-unsorted-368013\" xmlns=\"http:\/\/www.w3.org\/2000\/svg\" width=\"10px\" height=\"10px\" viewbox=\"0 0 24 24\" version=\"1.2\" baseprofile=\"tiny\"><path d=\"M18.2 9.3l-6.2-6.3-6.2 6.3c-.2.2-.3.4-.3.7s.1.5.3.7c.2.2.4.3.7.3h11c.3 0 .5-.1.7-.3.2-.2.3-.5.3-.7s-.1-.5-.3-.7zM5.8 14.7l6.2 6.3 6.2-6.3c.2-.2.3-.5.3-.7s-.1-.5-.3-.7c-.2-.2-.4-.3-.7-.3h-11c-.3 0-.5.1-.7.3-.2.2-.3.5-.3.7s.1.5.3.7z\"\/><\/svg><\/span><\/span><\/span><\/a><\/span><\/div>\n<nav><ul class='ez-toc-list ez-toc-list-level-1' ><li class='ez-toc-page-1 ez-toc-heading-level-1'><a class=\"ez-toc-link ez-toc-heading-1\" href=\"https:\/\/transmitia.com\/ru\/%d1%8e%d1%80%d0%b8%d0%b4%d0%b8%d1%87%d0%b5%d1%81%d0%ba%d0%be%d0%b5-%d1%83%d0%b2%d0%b5%d0%b4%d0%be%d0%bc%d0%bb%d0%b5%d0%bd%d0%b8%d0%b5\/#Aviso_Legal\" >\u042e\u0440\u0438\u0434\u0438\u0447\u0435\u0441\u043a\u043e\u0435 \u0443\u0432\u0435\u0434\u043e\u043c\u043b\u0435\u043d\u0438\u0435<\/a><ul class='ez-toc-list-level-2' ><li class='ez-toc-heading-level-2'><a class=\"ez-toc-link ez-toc-heading-2\" href=\"https:\/\/transmitia.com\/ru\/%d1%8e%d1%80%d0%b8%d0%b4%d0%b8%d1%87%d0%b5%d1%81%d0%ba%d0%be%d0%b5-%d1%83%d0%b2%d0%b5%d0%b4%d0%be%d0%bc%d0%bb%d0%b5%d0%bd%d0%b8%d0%b5\/#Condiciones_de_uso\" >Condiciones de uso<\/a><\/li><li class='ez-toc-page-1 ez-toc-heading-level-2'><a class=\"ez-toc-link ez-toc-heading-3\" href=\"https:\/\/transmitia.com\/ru\/%d1%8e%d1%80%d0%b8%d0%b4%d0%b8%d1%87%d0%b5%d1%81%d0%ba%d0%be%d0%b5-%d1%83%d0%b2%d0%b5%d0%b4%d0%be%d0%bc%d0%bb%d0%b5%d0%bd%d0%b8%d0%b5\/#Propiedad_intelectual_y_derechos_de_autor\" >Propiedad intelectual y derechos de autor<\/a><\/li><li class='ez-toc-page-1 ez-toc-heading-level-2'><a class=\"ez-toc-link ez-toc-heading-4\" href=\"https:\/\/transmitia.com\/ru\/%d1%8e%d1%80%d0%b8%d0%b4%d0%b8%d1%87%d0%b5%d1%81%d0%ba%d0%be%d0%b5-%d1%83%d0%b2%d0%b5%d0%b4%d0%be%d0%bc%d0%bb%d0%b5%d0%bd%d0%b8%d0%b5\/#Proteccion_de_datos_personales\" >Protecci\u00f3n de datos personales<\/a><\/li><li class='ez-toc-page-1 ez-toc-heading-level-2'><a class=\"ez-toc-link ez-toc-heading-5\" href=\"https:\/\/transmitia.com\/ru\/%d1%8e%d1%80%d0%b8%d0%b4%d0%b8%d1%87%d0%b5%d1%81%d0%ba%d0%be%d0%b5-%d1%83%d0%b2%d0%b5%d0%b4%d0%be%d0%bc%d0%bb%d0%b5%d0%bd%d0%b8%d0%b5\/#Legislacion_aplicable_y_jurisdiccion\" >Legislaci\u00f3n aplicable y jurisdicci\u00f3n<\/a><\/li><\/ul><\/li><\/ul><\/nav><\/div>","protected":false},"excerpt":{"rendered":"Aviso Legal Titular de la p\u00e1gina webEn cumplimiento con el deber de informaci\u00f3n del art\u00edculo 10 de la Ley 34\/2002, de Servicios de la Sociedad de la Informaci\u00f3n y Comercio Electr\u00f3nico (LSSI\u2011CE), se informa de que esta web: Dominio: https:\/\/transmitia.com Raz\u00f3n social: Gestiones Avanzadas Online S.L. CIF: B75844555 Domicilio social: Paseo de la Castellana, 194, [...]","protected":false},"author":1,"featured_media":0,"parent":0,"menu_order":0,"comment_status":"closed","ping_status":"closed","template":"","meta":{"site-sidebar-layout":"default","site-content-layout":"plain-container","ast-site-content-layout":"default","site-content-style":"unboxed","site-sidebar-style":"default","ast-global-header-display":"","ast-banner-title-visibility":"","ast-main-header-display":"","ast-hfb-above-header-display":"","ast-hfb-below-header-display":"","ast-hfb-mobile-header-display":"","site-post-title":"disabled","ast-breadcrumbs-content":"","ast-featured-img":"","footer-sml-layout":"","theme-transparent-header-meta":"default","adv-header-id-meta":"","stick-header-meta":"","header-above-stick-meta":"","header-main-stick-meta":"","header-below-stick-meta":"","astra-migrate-meta-layouts":"set","ast-page-background-enabled":"default","ast-page-background-meta":{"desktop":{"background-color":"","background-image":"","background-repeat":"repeat","background-position":"center center","background-size":"auto","background-attachment":"scroll","background-type":"","background-media":"","overlay-type":"","overlay-color":"","overlay-opacity":"","overlay-gradient":""},"tablet":{"background-color":"","background-image":"","background-repeat":"repeat","background-position":"center center","background-size":"auto","background-attachment":"scroll","background-type":"","background-media":"","overlay-type":"","overlay-color":"","overlay-opacity":"","overlay-gradient":""},"mobile":{"background-color":"","background-image":"","background-repeat":"repeat","background-position":"center center","background-size":"auto","background-attachment":"scroll","background-type":"","background-media":"","overlay-type":"","overlay-color":"","overlay-opacity":"","overlay-gradient":""}},"ast-content-background-meta":{"desktop":{"background-color":"var(--ast-global-color-5)","background-image":"","background-repeat":"repeat","background-position":"center center","background-size":"auto","background-attachment":"scroll","background-type":"","background-media":"","overlay-type":"","overlay-color":"","overlay-opacity":"","overlay-gradient":""},"tablet":{"background-color":"var(--ast-global-color-5)","background-image":"","background-repeat":"repeat","background-position":"center center","background-size":"auto","background-attachment":"scroll","background-type":"","background-media":"","overlay-type":"","overlay-color":"","overlay-opacity":"","overlay-gradient":""},"mobile":{"background-color":"var(--ast-global-color-5)","background-image":"","background-repeat":"repeat","background-position":"center center","background-size":"auto","background-attachment":"scroll","background-type":"","background-media":"","overlay-type":"","overlay-color":"","overlay-opacity":"","overlay-gradient":""}},"footnotes":""},"class_list":["post-2805","page","type-page","status-publish","hentry"],"rankMath":{"parentDomain":"transmitia.com","noFollowDomains":[],"noFollowExcludeDomains":[],"noFollowExternalLinks":false,"featuredImageNotice":"\u041f\u043e\u043a\u0430\u0437\u0430\u043d\u043d\u043e\u0435 \u0438\u0437\u043e\u0431\u0440\u0430\u0436\u0435\u043d\u0438\u0435 \u0434\u043e\u043b\u0436\u043d\u043e \u0431\u044b\u0442\u044c \u0440\u0430\u0437\u043c\u0435\u0440\u043e\u043c \u043d\u0435 \u043c\u0435\u043d\u0435\u0435 200 \u043d\u0430 200 \u043f\u0438\u043a\u0441\u0435\u043b\u0435\u0439, \u0447\u0442\u043e\u0431\u044b \u0435\u0433\u043e \u043c\u043e\u0433\u043b\u0438 \u0443\u0432\u0438\u0434\u0435\u0442\u044c Facebook \u0438 \u0434\u0440\u0443\u0433\u0438\u0435 \u0441\u0430\u0439\u0442\u044b \u0441\u043e\u0446\u0438\u0430\u043b\u044c\u043d\u044b\u0445 \u0441\u0435\u0442\u0435\u0439.","pluginReviewed":false,"postSettings":{"linkSuggestions":true,"useFocusKeyword":false},"frontEndScore":false,"postName":"aviso-legal","permalinkFormat":"https:\/\/transmitia.com\/ru\/%pagename%\/","showLockModifiedDate":true,"assessor":{"focusKeywordLink":"https:\/\/transmitia.com\/wp-admin\/edit.php?focus_keyword=%focus_keyword%&post_type=%post_type%","hasTOCPlugin":{"easy-table-of-contents\/easy-table-of-contents.php":"Easy Table of Contents"},"primaryTaxonomy":false,"serpData":{"title":"","description":"","focusKeywords":"","pillarContent":false,"canonicalUrl":"","breadcrumbTitle":"","advancedRobots":[],"facebookTitle":"","facebookDescription":"","facebookImage":"","facebookImageID":"","facebookHasOverlay":false,"facebookImageOverlay":"","facebookAuthor":"","twitterCardType":"","twitterUseFacebook":true,"twitterTitle":"","twitterDescription":"","twitterImage":"","twitterImageID":"","twitterHasOverlay":false,"twitterImageOverlay":"","twitterPlayerUrl":"","twitterPlayerSize":"","twitterPlayerStream":"","twitterPlayerStreamCtype":"","twitterAppDescription":"","twitterAppIphoneName":"","twitterAppIphoneID":"","twitterAppIphoneUrl":"","twitterAppIpadName":"","twitterAppIpadID":"","twitterAppIpadUrl":"","twitterAppGoogleplayName":"","twitterAppGoogleplayID":"","twitterAppGoogleplayUrl":"","twitterAppCountry":"","robots":{"index":true},"twitterAuthor":"\u0438\u043c\u044f \u043f\u043e\u043b\u044c\u0437\u043e\u0432\u0430\u0442\u0435\u043b\u044f","primaryTerm":0,"authorName":"admin","titleTemplate":"%title% %sep% %sitename%","descriptionTemplate":"%excerpt%","showScoreFrontend":true,"lockModifiedDate":false},"powerWords":[],"diacritics":{"A":"[\\u0410\\u0430]","B":"[\\u0411\\u0431]","V":"[\\u0412\\u0432]","G":"[\\u0413\\u0433]","D":"[\\u0414\\u0434]","YE":"[\\u0415\\u0435]","YO":"[\\u0401\\u0451]","ZH":"[\\u0416\\u0436]","Z":"[\\u0417\\u0437]","EE":"[\\u0418\\u0438]","YI":"[\\u0419\\u0439]","K":"[\\u041A\\u043A]","L":"[\\u041B\\u043B]","M":"[\\u041C\\u043c]","P":"[\\u041F\\u043F]","T":"[\\u0422\\u0442]","U":"[\\u0423\\u0443]","F":"[\\u0424\\u0444]","H":"[\\u0425\\u0445]","TS":"[\\u0426\\u0446]","CH":"[\\u0427\\u0447]","SH":"[\\u0428\\u0448\\u0429\\u0449]","I":"[\\u042B\\u044B]","E":"[\\u042D\\u044D]","YU":"[\\u042E\\u044E]","YA":"[\\u042F\\u044F]","N":"[\\u041D\\u043D]"},"researchesTests":["contentHasTOC","contentHasShortParagraphs","contentHasAssets","keywordInTitle","keywordInMetaDescription","keywordInPermalink","keywordIn10Percent","keywordInContent","keywordInSubheadings","keywordInImageAlt","keywordDensity","keywordNotUsed","lengthContent","lengthPermalink","linksHasInternal","linksHasExternals","linksNotAllExternals","titleStartWithKeyword","titleSentiment","titleHasPowerWords","titleHasNumber","hasContentAI"],"hasRedirection":false,"hasBreadcrumb":true},"homeUrl":"https:\/\/transmitia.com\/ru","objectID":2805,"objectType":"post","locale":"ru","localeFull":"ru_RU","overlayImages":{"play":{"name":"Play \u0438\u043a\u043e\u043d\u043a\u0430","url":"https:\/\/transmitia.com\/wp-content\/plugins\/seo-by-rank-math\/assets\/admin\/img\/icon-play.png","path":"\/var\/www\/vhosts\/transmitia.com\/httpdocs\/wp-content\/plugins\/seo-by-rank-math\/assets\/admin\/img\/icon-play.png","position":"middle_center"},"gif":{"name":"GIF \u0438\u043a\u043e\u043d\u043a\u0430","url":"https:\/\/transmitia.com\/wp-content\/plugins\/seo-by-rank-math\/assets\/admin\/img\/icon-gif.png","path":"\/var\/www\/vhosts\/transmitia.com\/httpdocs\/wp-content\/plugins\/seo-by-rank-math\/assets\/admin\/img\/icon-gif.png","position":"middle_center"}},"defautOgImage":"https:\/\/transmitia.com\/wp-content\/plugins\/seo-by-rank-math\/assets\/admin\/img\/social-placeholder.jpg","customPermalinks":true,"isUserRegistered":false,"autoSuggestKeywords":false,"connectSiteUrl":"https:\/\/rankmath.com\/auth?site=https%3A%2F%2Ftransmitia.com%2Fru&r=https%3A%2F%2Ftransmitia.com%2Fru%2Fwp-json%2Fwp%2Fv2%2Fpages%2F2805%3Fnonce%3Dc5f8e42974","maxTags":5,"trendsIcon":"<svg viewBox=\"0 0 610 610\"><path d=\"M18.85,446,174.32,290.48l58.08,58.08L76.93,504a14.54,14.54,0,0,1-20.55,0L18.83,466.48a14.54,14.54,0,0,1,0-20.55Z\" style=\"fill:#4285f4\"\/><path d=\"M242.65,242.66,377.59,377.6l-47.75,47.75a14.54,14.54,0,0,1-20.55,0L174.37,290.43l47.75-47.75A14.52,14.52,0,0,1,242.65,242.66Z\" style=\"fill:#ea4335\"\/><polygon points=\"319.53 319.53 479.26 159.8 537.34 217.88 377.61 377.62 319.53 319.53\" style=\"fill:#fabb05\"\/><path d=\"M594.26,262.73V118.61h0a16.94,16.94,0,0,0-16.94-16.94H433.2a16.94,16.94,0,0,0-12,28.92L565.34,274.71h0a16.94,16.94,0,0,0,28.92-12Z\" style=\"fill:#34a853\"\/><rect width=\"610\" height=\"610\" style=\"fill:none\"\/><\/svg>","showScore":true,"siteFavIcon":"https:\/\/transmitia.com\/wp-content\/uploads\/2025\/04\/favicon-1-100x100.png","canUser":{"general":false,"advanced":false,"snippet":false,"social":false,"analysis":false,"analytics":false,"content_ai":false},"showKeywordIntent":true,"isPro":false,"is_front_page":false,"trendsUpgradeLink":"https:\/\/rankmath.com\/pricing\/?utm_source=Plugin&utm_medium=CE%20General%20Tab%20Trends&utm_campaign=WP","trendsUpgradeLabel":"\u0410\u043f\u0433\u0440\u0435\u0439\u0434","trendsPreviewImage":"https:\/\/transmitia.com\/wp-content\/plugins\/seo-by-rank-math\/assets\/admin\/img\/trends-preview.jpg","currentEditor":false,"homepageData":{"assessor":{"powerWords":[],"diacritics":true,"researchesTests":["contentHasTOC","contentHasShortParagraphs","contentHasAssets","keywordInTitle","keywordInMetaDescription","keywordInPermalink","keywordIn10Percent","keywordInContent","keywordInSubheadings","keywordInImageAlt","keywordDensity","keywordNotUsed","lengthContent","lengthPermalink","linksHasInternal","linksHasExternals","linksNotAllExternals","titleStartWithKeyword","titleSentiment","titleHasPowerWords","titleHasNumber","hasContentAI"],"hasBreadcrumb":true,"serpData":{"title":"%sitename% %page% %sep% %sitedesc%","description":"","titleTemplate":"%sitename% %page% %sep% %sitedesc%","descriptionTemplate":"","focusKeywords":"","breadcrumbTitle":"Home","robots":{"index":true},"advancedRobots":[],"facebookTitle":"","facebookDescription":"","facebookImage":"","facebookImageID":""}}},"tocTitle":"Table of Contents","tocExcludeHeadings":[],"listStyle":"ul"},"_links":{"self":[{"href":"https:\/\/transmitia.com\/ru\/wp-json\/wp\/v2\/pages\/2805","targetHints":{"allow":["GET"]}}],"collection":[{"href":"https:\/\/transmitia.com\/ru\/wp-json\/wp\/v2\/pages"}],"about":[{"href":"https:\/\/transmitia.com\/ru\/wp-json\/wp\/v2\/types\/page"}],"author":[{"embeddable":true,"href":"https:\/\/transmitia.com\/ru\/wp-json\/wp\/v2\/users\/1"}],"replies":[{"embeddable":true,"href":"https:\/\/transmitia.com\/ru\/wp-json\/wp\/v2\/comments?post=2805"}],"version-history":[{"count":4,"href":"https:\/\/transmitia.com\/ru\/wp-json\/wp\/v2\/pages\/2805\/revisions"}],"predecessor-version":[{"id":2823,"href":"https:\/\/transmitia.com\/ru\/wp-json\/wp\/v2\/pages\/2805\/revisions\/2823"}],"wp:attachment":[{"href":"https:\/\/transmitia.com\/ru\/wp-json\/wp\/v2\/media?parent=2805"}],"curies":[{"name":"wp","href":"https:\/\/api.w.org\/{rel}","templated":true}]}}